{"id":1473,"date":"2022-09-21T16:38:03","date_gmt":"2022-09-21T14:38:03","guid":{"rendered":"https:\/\/ameetsoi.com\/?page_id=1473"},"modified":"2025-02-02T20:26:49","modified_gmt":"2025-02-02T19:26:49","slug":"qui-suis-je","status":"publish","type":"page","link":"https:\/\/ameetsoi.com\/index.php\/qui-suis-je\/","title":{"rendered":"Qui suis-je?"},"content":{"rendered":"\t\t<div data-elementor-type=\"wp-page\" data-elementor-id=\"1473\" class=\"elementor elementor-1473\">\n\t\t\t\t\t\t<section class=\"elementor-section elementor-top-section elementor-element elementor-element-6f1c412 elementor-section-boxed elementor-section-height-default elementor-section-height-default\" data-id=\"6f1c412\" data-element_type=\"section\" data-e-type=\"section\">\n\t\t\t\t\t\t<div class=\"elementor-container elementor-column-gap-default\">\n\t\t\t\t\t<div class=\"elementor-column elementor-col-100 elementor-top-column elementor-element elementor-element-421a44f\" data-id=\"421a44f\" data-element_type=\"column\" data-e-type=\"column\">\n\t\t\t<div class=\"elementor-widget-wrap elementor-element-populated\">\n\t\t\t\t\t\t<div class=\"elementor-element elementor-element-a3c18ce e-transform elementor-widget elementor-widget-image\" data-id=\"a3c18ce\" data-element_type=\"widget\" data-e-type=\"widget\" data-settings=\"{&quot;_transform_scale_effect&quot;:{&quot;unit&quot;:&quot;px&quot;,&quot;size&quot;:1.1,&quot;sizes&quot;:[]},&quot;_transform_scale_effect_tablet&quot;:{&quot;unit&quot;:&quot;px&quot;,&quot;size&quot;:&quot;&quot;,&quot;sizes&quot;:[]},&quot;_transform_scale_effect_mobile&quot;:{&quot;unit&quot;:&quot;px&quot;,&quot;size&quot;:&quot;&quot;,&quot;sizes&quot;:[]}}\" data-widget_type=\"image.default\">\n\t\t\t\t<div class=\"elementor-widget-container\">\n\t\t\t\t\t\t\t\t\t\t\t\t\t\t\t<img fetchpriority=\"high\" decoding=\"async\" width=\"940\" height=\"280\" src=\"https:\/\/ameetsoi.com\/wp-content\/uploads\/2022\/10\/Purple-and-Pink-Hello-May-Facebook-Post-940-\u00d7-380-px-940-\u00d7-280-px-3.png\" class=\"attachment-2048x2048 size-2048x2048 wp-image-2077\" alt=\"\" srcset=\"https:\/\/ameetsoi.com\/wp-content\/uploads\/2022\/10\/Purple-and-Pink-Hello-May-Facebook-Post-940-\u00d7-380-px-940-\u00d7-280-px-3.png 940w, https:\/\/ameetsoi.com\/wp-content\/uploads\/2022\/10\/Purple-and-Pink-Hello-May-Facebook-Post-940-\u00d7-380-px-940-\u00d7-280-px-3-300x89.png 300w, https:\/\/ameetsoi.com\/wp-content\/uploads\/2022\/10\/Purple-and-Pink-Hello-May-Facebook-Post-940-\u00d7-380-px-940-\u00d7-280-px-3-768x229.png 768w\" sizes=\"(max-width: 940px) 100vw, 940px\" \/>\t\t\t\t\t\t\t\t\t\t\t\t\t\t\t<\/div>\n\t\t\t\t<\/div>\n\t\t\t\t\t<\/div>\n\t\t<\/div>\n\t\t\t\t\t<\/div>\n\t\t<\/section>\n\t\t\t\t<section class=\"elementor-section elementor-top-section elementor-element elementor-element-baa7f7b elementor-section-boxed elementor-section-height-default elementor-section-height-default\" data-id=\"baa7f7b\" data-element_type=\"section\" data-e-type=\"section\">\n\t\t\t\t\t\t<div class=\"elementor-container elementor-column-gap-default\">\n\t\t\t\t\t<div class=\"elementor-column elementor-col-100 elementor-top-column elementor-element elementor-element-ac7bc12\" data-id=\"ac7bc12\" data-element_type=\"column\" data-e-type=\"column\">\n\t\t\t<div class=\"elementor-widget-wrap elementor-element-populated\">\n\t\t\t\t\t\t<div class=\"elementor-element elementor-element-da53d2c elementor-widget elementor-widget-heading\" data-id=\"da53d2c\" data-element_type=\"widget\" data-e-type=\"widget\" data-widget_type=\"heading.default\">\n\t\t\t\t<div class=\"elementor-widget-container\">\n\t\t\t\t\t<h2 class=\"elementor-heading-title elementor-size-default\"><br><br><br><br><br><br><br><br><br><br><br><br><br><br><br><br><br><br><br><br><br><br><br><br>Qui suis-je ?<br><br><br><br><br><br><br><br><br><br><br><br><br><br><br><\/h2>\t\t\t\t<\/div>\n\t\t\t\t<\/div>\n\t\t\t\t\t<\/div>\n\t\t<\/div>\n\t\t\t\t\t<\/div>\n\t\t<\/section>\n\t\t\t\t<section class=\"elementor-section elementor-top-section elementor-element elementor-element-01957b6 elementor-section-boxed elementor-section-height-default elementor-section-height-default\" data-id=\"01957b6\" data-element_type=\"section\" data-e-type=\"section\">\n\t\t\t\t\t\t<div class=\"elementor-container elementor-column-gap-default\">\n\t\t\t\t\t<div class=\"elementor-column elementor-col-50 elementor-top-column elementor-element elementor-element-a71cab5\" data-id=\"a71cab5\" data-element_type=\"column\" data-e-type=\"column\">\n\t\t\t<div class=\"elementor-widget-wrap elementor-element-populated\">\n\t\t\t\t\t\t<div class=\"elementor-element elementor-element-2d4cd4b elementor-widget elementor-widget-image\" data-id=\"2d4cd4b\" data-element_type=\"widget\" data-e-type=\"widget\" data-widget_type=\"image.default\">\n\t\t\t\t<div class=\"elementor-widget-container\">\n\t\t\t\t\t\t\t\t\t\t\t\t\t\t\t<img decoding=\"async\" width=\"682\" height=\"1024\" src=\"https:\/\/ameetsoi.com\/wp-content\/uploads\/2022\/09\/DSC01406-682x1024.jpg\" class=\"attachment-large size-large wp-image-1223\" alt=\"\" srcset=\"https:\/\/ameetsoi.com\/wp-content\/uploads\/2022\/09\/DSC01406-682x1024.jpg 682w, https:\/\/ameetsoi.com\/wp-content\/uploads\/2022\/09\/DSC01406-200x300.jpg 200w, https:\/\/ameetsoi.com\/wp-content\/uploads\/2022\/09\/DSC01406-768x1152.jpg 768w, https:\/\/ameetsoi.com\/wp-content\/uploads\/2022\/09\/DSC01406-1024x1536.jpg 1024w, https:\/\/ameetsoi.com\/wp-content\/uploads\/2022\/09\/DSC01406.jpg 1281w\" sizes=\"(max-width: 682px) 100vw, 682px\" \/>\t\t\t\t\t\t\t\t\t\t\t\t\t\t\t<\/div>\n\t\t\t\t<\/div>\n\t\t\t\t\t<\/div>\n\t\t<\/div>\n\t\t\t\t<div class=\"elementor-column elementor-col-50 elementor-top-column elementor-element elementor-element-436b93c\" data-id=\"436b93c\" data-element_type=\"column\" data-e-type=\"column\">\n\t\t\t<div class=\"elementor-widget-wrap elementor-element-populated\">\n\t\t\t\t\t\t<div class=\"elementor-element elementor-element-342a4d6 elementor-widget elementor-widget-text-editor\" data-id=\"342a4d6\" data-element_type=\"widget\" data-e-type=\"widget\" data-widget_type=\"text-editor.default\">\n\t\t\t\t<div class=\"elementor-widget-container\">\n\t\t\t\t\t\t\t\t\t<p>Je suis Karine.<\/p><p>Femme, Maman de deux jeunes enfants et Praticienne en hypnose, en Magn\u00e9tisme, Reiki, Lahochi et en Harmonisation \u00e9nerg\u00e9tique.<\/p><p>Depuis enfant je suis sensible aux diff\u00e9rentes \u00e9nergies et au monde de l&rsquo;invisible. J&rsquo;ai appris \u00e0 me fier \u00e0 mon intuition et \u00e0 mes perceptions. A mes 16 ans, transmission familiale \u00ab\u00a0oblige\u00a0\u00bb, je re\u00e7ois cet immense cadeau pour couper le feu, les verrues, les maladies de peau&#8230;\u00a0<\/p><p>J&rsquo;ai d\u00e9couvert ce qu&rsquo;est l&rsquo;amour inconditionnel en ayant mes enfants, c&rsquo;est pourquoi j&rsquo;ai effectu\u00e9 une formation en hypnose sp\u00e9cifique pour les enfants et adolescents.\u00a0<\/p><p><strong>J&rsquo;ai \u00e0 coeur de vous aider vous et vos ch\u00e9rubins, dans un contexte qui n&rsquo;est facile pour aucun d&rsquo;entre nous, et dans lequel l&rsquo;exigence est constante. Je vous apporte des outils pour vous aider dans votre quotidien, pour que vous viviez heureux, vous\u00a0dans votre\u00a0enti\u00e8ret\u00e9 et au sein de votre famille.<\/strong><\/p><p>En me centrant sur moi, en me reconnectant \u00e0 mon essence et \u00e0 mon \u00e2me, <strong>j&rsquo;ai pris la d\u00e9cision de suivre mon chemin de vie, de vous accompagner \u00e0 surmonter vos maux et difficult\u00e9s du quotidien.<\/strong><\/p><p><span style=\"font-family: var( --e-global-typography-text-font-family ), Sans-serif;\">\u00ab\u00a0Celui qui est le ma\u00eetre de lui-m\u00eame est plus grand que celui qui est le ma\u00eetre du monde.\u00a0\u00bb<\/span><\/p>\t\t\t\t\t\t\t\t<\/div>\n\t\t\t\t<\/div>\n\t\t\t\t\t<\/div>\n\t\t<\/div>\n\t\t\t\t\t<\/div>\n\t\t<\/section>\n\t\t\t\t<section class=\"elementor-section elementor-top-section elementor-element elementor-element-5650544 elementor-section-boxed elementor-section-height-default elementor-section-height-default\" data-id=\"5650544\" data-element_type=\"section\" data-e-type=\"section\">\n\t\t\t\t\t\t<div class=\"elementor-container elementor-column-gap-default\">\n\t\t\t\t\t<div class=\"elementor-column elementor-col-100 elementor-top-column elementor-element elementor-element-c1c266b\" data-id=\"c1c266b\" data-element_type=\"column\" data-e-type=\"column\">\n\t\t\t<div class=\"elementor-widget-wrap elementor-element-populated\">\n\t\t\t\t\t\t<div class=\"elementor-element elementor-element-db79c94 elementor-widget elementor-widget-text-editor\" data-id=\"db79c94\" data-element_type=\"widget\" data-e-type=\"widget\" data-widget_type=\"text-editor.default\">\n\t\t\t\t<div class=\"elementor-widget-container\">\n\t\t\t\t\t\t\t\t\t<p>Ce que je souhaite avant tout c\u2019est vous accompagner dans vos questionnements, \u00eatre source de mieux \u00eatre pour vous et votre entourage et vous aider \u00e0 trouver des r\u00e9ponses.<\/p><p><strong>Ensemble nous allons \u00e9crire une nouvelle histoire<\/strong><span style=\"background: var(--global-palette9);\">, l\u2019histoire qui sera la plus juste et la plus \u00e9panouissante pour vous.<\/span><\/p><p>J\u2019ai \u00e0 c\u0153ur de vous aider avec bienveillance et non jugement dans votre cheminement, qu\u2019il soit personnel, professionnel et\/ou spirituel.<\/p><p>Je peux utiliser\u00a0<strong>plusieurs outils pour vous accompagner au mieux<\/strong>\u00a0en fonction de vos besoins (l\u2019hypnose, les soins \u00e9nerg\u00e9tiques, la m\u00e9ditation, la respiration, \u2026)<\/p>\t\t\t\t\t\t\t\t<\/div>\n\t\t\t\t<\/div>\n\t\t\t\t\t<\/div>\n\t\t<\/div>\n\t\t\t\t\t<\/div>\n\t\t<\/section>\n\t\t\t\t<section class=\"elementor-section elementor-top-section elementor-element elementor-element-fec4d29 elementor-section-boxed elementor-section-height-default elementor-section-height-default\" data-id=\"fec4d29\" data-element_type=\"section\" data-e-type=\"section\">\n\t\t\t\t\t\t<div class=\"elementor-container elementor-column-gap-default\">\n\t\t\t\t\t<div class=\"elementor-column elementor-col-100 elementor-top-column elementor-element elementor-element-cd6137e\" data-id=\"cd6137e\" data-element_type=\"column\" data-e-type=\"column\">\n\t\t\t<div class=\"elementor-widget-wrap elementor-element-populated\">\n\t\t\t\t\t\t<div class=\"elementor-element elementor-element-803b77e elementor-widget elementor-widget-heading\" data-id=\"803b77e\" data-element_type=\"widget\" data-e-type=\"widget\" data-widget_type=\"heading.default\">\n\t\t\t\t<div class=\"elementor-widget-container\">\n\t\t\t\t\t<h2 class=\"elementor-heading-title elementor-size-default\">\"Le vrai bonheur ne d\u00e9pend d\u2019aucun \u00eatre, d\u2019aucun objet ext\u00e9rieur. Il ne d\u00e9pend que de nous.\"<\/h2>\t\t\t\t<\/div>\n\t\t\t\t<\/div>\n\t\t\t\t\t<\/div>\n\t\t<\/div>\n\t\t\t\t\t<\/div>\n\t\t<\/section>\n\t\t\t\t<section class=\"elementor-section elementor-top-section elementor-element elementor-element-1fd73d0 elementor-section-boxed elementor-section-height-default elementor-section-height-default\" data-id=\"1fd73d0\" data-element_type=\"section\" data-e-type=\"section\">\n\t\t\t\t\t\t<div class=\"elementor-container elementor-column-gap-default\">\n\t\t\t\t\t<div class=\"elementor-column elementor-col-100 elementor-top-column elementor-element elementor-element-fda121a\" data-id=\"fda121a\" data-element_type=\"column\" data-e-type=\"column\">\n\t\t\t<div class=\"elementor-widget-wrap elementor-element-populated\">\n\t\t\t\t\t\t<div class=\"elementor-element elementor-element-124a705 elementor-widget elementor-widget-text-editor\" data-id=\"124a705\" data-element_type=\"widget\" data-e-type=\"widget\" data-widget_type=\"text-editor.default\">\n\t\t\t\t<div class=\"elementor-widget-container\">\n\t\t\t\t\t\t\t\t\t<p>Vous allez pouvoir voyager \u00e0 l\u2019int\u00e9rieur de vous-m\u00eame,\u00a0prendre un temps pour vous, partir en introspection. Vous allez vous connecter \u00e0 votre inconscient qui sait tout de vous et qui va vous aider dans votre probl\u00e9matique.<\/p><p>En fonction de vos croyances, vous pourrez\u00a0<span style=\"background: var(--global-palette9);\">partir en exploration de vos vies ant\u00e9rieures, vous reconnecter \u00e0 votre \u00e2me, communiquer avec les mondes subtils et b\u00e9n\u00e9ficier de soins \u00e9nerg\u00e9tiques puissants.<\/span><\/p><p>Vous en ressortirez connect\u00e9, apais\u00e9 et compl\u00e8tement relax\u00e9.<\/p><p><b>Vous trouverez tout le d\u00e9tail des prestations dans les pages d\u00e9di\u00e9es aux diff\u00e9rentes pratiques.\u00a0<\/b><\/p><p>Pour rappel aucune de mes pratiques ne se substituent \u00e0 une consultation m\u00e9dicale et en aucun cas n&rsquo;influent sur vos traitements m\u00e9dicaux.<\/p>\t\t\t\t\t\t\t\t<\/div>\n\t\t\t\t<\/div>\n\t\t\t\t\t<\/div>\n\t\t<\/div>\n\t\t\t\t\t<\/div>\n\t\t<\/section>\n\t\t\t\t<section class=\"elementor-section elementor-top-section elementor-element elementor-element-9197df3 elementor-section-boxed elementor-section-height-default elementor-section-height-default\" data-id=\"9197df3\" data-element_type=\"section\" data-e-type=\"section\">\n\t\t\t\t\t\t<div class=\"elementor-container elementor-column-gap-default\">\n\t\t\t\t\t<div class=\"elementor-column elementor-col-100 elementor-top-column elementor-element elementor-element-1a1d43c\" data-id=\"1a1d43c\" data-element_type=\"column\" data-e-type=\"column\">\n\t\t\t<div class=\"elementor-widget-wrap elementor-element-populated\">\n\t\t\t\t\t\t<div class=\"elementor-element elementor-element-1f06356 elementor-widget elementor-widget-spacer\" data-id=\"1f06356\" data-element_type=\"widget\" data-e-type=\"widget\" data-widget_type=\"spacer.default\">\n\t\t\t\t<div class=\"elementor-widget-container\">\n\t\t\t\t\t\t\t<div class=\"elementor-spacer\">\n\t\t\t<div class=\"elementor-spacer-inner\"><\/div>\n\t\t<\/div>\n\t\t\t\t\t\t<\/div>\n\t\t\t\t<\/div>\n\t\t\t\t\t<\/div>\n\t\t<\/div>\n\t\t\t\t\t<\/div>\n\t\t<\/section>\n\t\t\t\t<section class=\"elementor-section elementor-top-section elementor-element elementor-element-f96183d elementor-section-boxed elementor-section-height-default elementor-section-height-default\" data-id=\"f96183d\" data-element_type=\"section\" data-e-type=\"section\">\n\t\t\t\t\t\t<div class=\"elementor-container elementor-column-gap-default\">\n\t\t\t\t\t<div class=\"elementor-column elementor-col-33 elementor-top-column elementor-element elementor-element-972bc00\" data-id=\"972bc00\" data-element_type=\"column\" data-e-type=\"column\">\n\t\t\t<div class=\"elementor-widget-wrap elementor-element-populated\">\n\t\t\t\t\t\t<div class=\"elementor-element elementor-element-33afdb9 elementor-widget elementor-widget-heading\" data-id=\"33afdb9\" data-element_type=\"widget\" data-e-type=\"widget\" data-widget_type=\"heading.default\">\n\t\t\t\t<div class=\"elementor-widget-container\">\n\t\t\t\t\t<h2 class=\"elementor-heading-title elementor-size-default\">Me contacter pour toutes questions<\/h2>\t\t\t\t<\/div>\n\t\t\t\t<\/div>\n\t\t\t\t\t<\/div>\n\t\t<\/div>\n\t\t\t\t<div class=\"elementor-column elementor-col-33 elementor-top-column elementor-element elementor-element-5b3da66\" data-id=\"5b3da66\" data-element_type=\"column\" data-e-type=\"column\">\n\t\t\t<div class=\"elementor-widget-wrap elementor-element-populated\">\n\t\t\t\t\t\t<div class=\"elementor-element elementor-element-85d9711 elementor-widget elementor-widget-heading\" data-id=\"85d9711\" data-element_type=\"widget\" data-e-type=\"widget\" data-widget_type=\"heading.default\">\n\t\t\t\t<div class=\"elementor-widget-container\">\n\t\t\t\t\t<h2 class=\"elementor-heading-title elementor-size-default\">O\u00f9 suivre mes actualit\u00e9s<\/h2>\t\t\t\t<\/div>\n\t\t\t\t<\/div>\n\t\t\t\t\t<\/div>\n\t\t<\/div>\n\t\t\t\t<div class=\"elementor-column elementor-col-33 elementor-top-column elementor-element elementor-element-0f29808\" data-id=\"0f29808\" data-element_type=\"column\" data-e-type=\"column\">\n\t\t\t<div class=\"elementor-widget-wrap elementor-element-populated\">\n\t\t\t\t\t\t<div class=\"elementor-element elementor-element-a944995 elementor-widget elementor-widget-heading\" data-id=\"a944995\" data-element_type=\"widget\" data-e-type=\"widget\" data-widget_type=\"heading.default\">\n\t\t\t\t<div class=\"elementor-widget-container\">\n\t\t\t\t\t<h2 class=\"elementor-heading-title elementor-size-default\">O\u00f9 me consulter<\/h2>\t\t\t\t<\/div>\n\t\t\t\t<\/div>\n\t\t\t\t\t<\/div>\n\t\t<\/div>\n\t\t\t\t\t<\/div>\n\t\t<\/section>\n\t\t\t\t<section class=\"elementor-section elementor-top-section elementor-element elementor-element-bdc4252 elementor-section-boxed elementor-section-height-default elementor-section-height-default\" data-id=\"bdc4252\" data-element_type=\"section\" data-e-type=\"section\">\n\t\t\t\t\t\t<div class=\"elementor-container elementor-column-gap-default\">\n\t\t\t\t\t<div class=\"elementor-column elementor-col-33 elementor-top-column elementor-element elementor-element-922c370\" data-id=\"922c370\" data-element_type=\"column\" data-e-type=\"column\">\n\t\t\t<div class=\"elementor-widget-wrap elementor-element-populated\">\n\t\t\t\t\t\t<div class=\"elementor-element elementor-element-2f0691c elementor-widget elementor-widget-text-editor\" data-id=\"2f0691c\" data-element_type=\"widget\" data-e-type=\"widget\" data-widget_type=\"text-editor.default\">\n\t\t\t\t<div class=\"elementor-widget-container\">\n\t\t\t\t\t\t\t\t\t<p>Par t\u00e9l\u00e9phone, au 06 11 13 44 03<\/p>\t\t\t\t\t\t\t\t<\/div>\n\t\t\t\t<\/div>\n\t\t\t\t\t<\/div>\n\t\t<\/div>\n\t\t\t\t<div class=\"elementor-column elementor-col-33 elementor-top-column elementor-element elementor-element-df1fc77\" data-id=\"df1fc77\" data-element_type=\"column\" data-e-type=\"column\">\n\t\t\t<div class=\"elementor-widget-wrap elementor-element-populated\">\n\t\t\t\t\t\t<div class=\"elementor-element elementor-element-9a012e3 elementor-shape-rounded elementor-grid-0 e-grid-align-center elementor-widget elementor-widget-social-icons\" data-id=\"9a012e3\" data-element_type=\"widget\" data-e-type=\"widget\" data-widget_type=\"social-icons.default\">\n\t\t\t\t<div class=\"elementor-widget-container\">\n\t\t\t\t\t\t\t<div class=\"elementor-social-icons-wrapper elementor-grid\" role=\"list\">\n\t\t\t\t\t\t\t<span class=\"elementor-grid-item\" role=\"listitem\">\n\t\t\t\t\t<a class=\"elementor-icon elementor-social-icon elementor-social-icon-facebook elementor-repeater-item-c784670\" href=\"https:\/\/www.facebook.com\/profile.php?id=100076639068113\" target=\"_blank\">\n\t\t\t\t\t\t<span class=\"elementor-screen-only\">Facebook<\/span>\n\t\t\t\t\t\t<i aria-hidden=\"true\" class=\"fab fa-facebook\"><\/i>\t\t\t\t\t<\/a>\n\t\t\t\t<\/span>\n\t\t\t\t\t\t\t<span class=\"elementor-grid-item\" role=\"listitem\">\n\t\t\t\t\t<a class=\"elementor-icon elementor-social-icon elementor-social-icon-youtube elementor-repeater-item-a63324f\" href=\"https:\/\/www.youtube.com\/channel\/UCamCQ9F7aeIAD_2y1flIU4w\" target=\"_blank\">\n\t\t\t\t\t\t<span class=\"elementor-screen-only\">Youtube<\/span>\n\t\t\t\t\t\t<i aria-hidden=\"true\" class=\"fab fa-youtube\"><\/i>\t\t\t\t\t<\/a>\n\t\t\t\t<\/span>\n\t\t\t\t\t\t\t<span class=\"elementor-grid-item\" role=\"listitem\">\n\t\t\t\t\t<a class=\"elementor-icon elementor-social-icon elementor-social-icon-instagram elementor-repeater-item-af4098f\" href=\"https:\/\/www.instagram.com\/ame_et_soi_karine_dussart\/\" target=\"_blank\">\n\t\t\t\t\t\t<span class=\"elementor-screen-only\">Instagram<\/span>\n\t\t\t\t\t\t<i aria-hidden=\"true\" class=\"fab fa-instagram\"><\/i>\t\t\t\t\t<\/a>\n\t\t\t\t<\/span>\n\t\t\t\t\t\t\t<span class=\"elementor-grid-item\" role=\"listitem\">\n\t\t\t\t\t<a class=\"elementor-icon elementor-social-icon elementor-social-icon-linkedin elementor-repeater-item-d1432c2\" href=\"https:\/\/www.linkedin.com\/in\/karine-dussart-ame-et-soi-2572b14b\/\" target=\"_blank\">\n\t\t\t\t\t\t<span class=\"elementor-screen-only\">Linkedin<\/span>\n\t\t\t\t\t\t<i aria-hidden=\"true\" class=\"fab fa-linkedin\"><\/i>\t\t\t\t\t<\/a>\n\t\t\t\t<\/span>\n\t\t\t\t\t<\/div>\n\t\t\t\t\t\t<\/div>\n\t\t\t\t<\/div>\n\t\t\t\t\t<\/div>\n\t\t<\/div>\n\t\t\t\t<div class=\"elementor-column elementor-col-33 elementor-top-column elementor-element elementor-element-3c33745\" data-id=\"3c33745\" data-element_type=\"column\" data-e-type=\"column\">\n\t\t\t<div class=\"elementor-widget-wrap elementor-element-populated\">\n\t\t\t\t\t\t<div class=\"elementor-element elementor-element-5d002ac elementor-widget elementor-widget-text-editor\" data-id=\"5d002ac\" data-element_type=\"widget\" data-e-type=\"widget\" data-widget_type=\"text-editor.default\">\n\t\t\t\t<div class=\"elementor-widget-container\">\n\t\t\t\t\t\t\t\t\t<p>\u00c0 Lanton.<\/p><p>\u00c0 votre domicile.<\/p><p>A distance, o\u00f9 que vous soyez dans le monde.<\/p>\t\t\t\t\t\t\t\t<\/div>\n\t\t\t\t<\/div>\n\t\t\t\t\t<\/div>\n\t\t<\/div>\n\t\t\t\t\t<\/div>\n\t\t<\/section>\n\t\t\t\t<section class=\"elementor-section elementor-top-section elementor-element elementor-element-53bde74 elementor-section-boxed elementor-section-height-default elementor-section-height-default\" data-id=\"53bde74\" data-element_type=\"section\" data-e-type=\"section\">\n\t\t\t\t\t\t<div class=\"elementor-container elementor-column-gap-default\">\n\t\t\t\t\t<div class=\"elementor-column elementor-col-100 elementor-top-column elementor-element elementor-element-f3a292b\" data-id=\"f3a292b\" data-element_type=\"column\" data-e-type=\"column\">\n\t\t\t<div class=\"elementor-widget-wrap elementor-element-populated\">\n\t\t\t\t\t\t<div class=\"elementor-element elementor-element-b31671a elementor-widget elementor-widget-google_maps\" data-id=\"b31671a\" data-element_type=\"widget\" data-e-type=\"widget\" data-widget_type=\"google_maps.default\">\n\t\t\t\t<div class=\"elementor-widget-container\">\n\t\t\t\t\t\t\t<div class=\"elementor-custom-embed\">\n\t\t\t<iframe loading=\"lazy\"\n\t\t\t\t\tsrc=\"https:\/\/maps.google.com\/maps?q=Lanton&#038;t=m&#038;z=9&#038;output=embed&#038;iwloc=near\"\n\t\t\t\t\ttitle=\"Lanton\"\n\t\t\t\t\taria-label=\"Lanton\"\n\t\t\t><\/iframe>\n\t\t<\/div>\n\t\t\t\t\t\t<\/div>\n\t\t\t\t<\/div>\n\t\t\t\t\t<\/div>\n\t\t<\/div>\n\t\t\t\t\t<\/div>\n\t\t<\/section>\n\t\t\t\t<\/div>\n\t\t","protected":false},"excerpt":{"rendered":"<p>Qui suis-je ? Je suis Karine. Femme, Maman de deux jeunes enfants et Praticienne en hypnose, en Magn\u00e9tisme, Reiki, Lahochi et en Harmonisation \u00e9nerg\u00e9tique. Depuis enfant je suis sensible aux diff\u00e9rentes \u00e9nergies et au monde de l&rsquo;invisible. J&rsquo;ai appris \u00e0 me fier \u00e0 mon intuition et \u00e0 mes perceptions. A mes 16 ans, transmission familiale&#8230;<\/p>\n","protected":false},"author":1,"featured_media":0,"parent":0,"menu_order":0,"comment_status":"open","ping_status":"closed","template":"elementor_header_footer","meta":{"_kad_post_transparent":"","_kad_post_title":"hide","_kad_post_layout":"fullwidth","_kad_post_sidebar_id":"","_kad_post_content_style":"unboxed","_kad_post_vertical_padding":"hide","_kad_post_feature":"hide","_kad_post_feature_position":"","_kad_post_header":false,"_kad_post_footer":false,"footnotes":""},"class_list":["post-1473","page","type-page","status-publish","hentry"],"_links":{"self":[{"href":"https:\/\/ameetsoi.com\/index.php\/wp-json\/wp\/v2\/pages\/1473","targetHints":{"allow":["GET"]}}],"collection":[{"href":"https:\/\/ameetsoi.com\/index.php\/wp-json\/wp\/v2\/pages"}],"about":[{"href":"https:\/\/ameetsoi.com\/index.php\/wp-json\/wp\/v2\/types\/page"}],"author":[{"embeddable":true,"href":"https:\/\/ameetsoi.com\/index.php\/wp-json\/wp\/v2\/users\/1"}],"replies":[{"embeddable":true,"href":"https:\/\/ameetsoi.com\/index.php\/wp-json\/wp\/v2\/comments?post=1473"}],"version-history":[{"count":88,"href":"https:\/\/ameetsoi.com\/index.php\/wp-json\/wp\/v2\/pages\/1473\/revisions"}],"predecessor-version":[{"id":2690,"href":"https:\/\/ameetsoi.com\/index.php\/wp-json\/wp\/v2\/pages\/1473\/revisions\/2690"}],"wp:attachment":[{"href":"https:\/\/ameetsoi.com\/index.php\/wp-json\/wp\/v2\/media?parent=1473"}],"curies":[{"name":"wp","href":"https:\/\/api.w.org\/{rel}","templated":true}]}}